{"id":39,"date":"2017-10-27T15:31:03","date_gmt":"2017-10-27T15:31:03","guid":{"rendered":"http:\/\/www.raulescrivapeyro.com\/?page_id=39"},"modified":"2017-10-29T07:30:43","modified_gmt":"2017-10-29T07:30:43","slug":"publicaciones","status":"publish","type":"page","link":"https:\/\/www.raulescrivapeyro.com\/index.php\/publicaciones\/","title":{"rendered":"Publicaciones"},"content":{"rendered":"<ul>\n<li>ESCRIV\u00c1 PEYR\u00d3, R. Pasarela sobre el r\u00edo Arga, Detail 1, edici\u00f3n espa\u00f1ola, enero 2005<\/li>\n<li>ESCRIV\u00c1 PEYR\u00d3, R. Pasarela sobre el r\u00edo Arga, Detail 4, pp 2, edici\u00f3n alemana, diciembre 2004.<\/li>\n<li>I CONGRESO ESTETICA E INGENIERIA CIVIL, ART TECNIUM, junio 2007. La obra como estructura. Ejemplos de su integraci\u00f3n y belleza.<\/li>\n<li>ESCRIVA PEYRO, R. Pasarela sobre el r\u00edo Elorz, junio 2008<\/li>\n<li>ESCRIVA PEYRO, R. \u201cForma Est\u00e9tica en la Obra P\u00fablica \u201d, Colegio Caminos de Barcelona, noviembre 2007.<\/li>\n<li>ESCRIVA PEYRO, R. \u201cLa obra como estructura: ejemplos de su integraci\u00f3n y belleza\u201d, universidad de La Coru\u00f1a, marzo 2007<\/li>\n<li>ESCRIVA PEYRO, R. Art\u00edculo. \u201cProyectar desde la emoci\u00f3n\u201d. Cuadernos de dise\u00f1o en la obra p\u00fablica. Febrero 2010<\/li>\n<li>ESCRIVA PEYRO, R. Art\u00edculo. \u201cEl camino de proyectar\u201d. Cuadernos de dise\u00f1o en la obra p\u00fablica. Noviembre 2014<\/li>\n<li>ESCRIVA PEYRO, R. Art\u00edculo. \u201cArquitecto o ingeniero, \u00bfdos caras de una misma moneda?. Revista de obras p\u00fablicas ROP. Abril 2015<\/li>\n<li>ESCRIVA PEYRO, R. Art\u00edculo. \u201cObjeto y sentido\u201d. Cuadernos de dise\u00f1o en la obra p\u00fablica. Octubre 2016.<\/li>\n<\/ul>\n","protected":false},"excerpt":{"rendered":"<p>ESCRIV\u00c1 PEYR\u00d3, R. Pasarela sobre el r\u00edo Arga, Detail 1, edici\u00f3n espa\u00f1ola, enero 2005 ESCRIV\u00c1 PEYR\u00d3, R. Pasarela sobre el r\u00edo Arga, Detail 4, pp 2, edici\u00f3n alemana, diciembre 2004. I CONGRESO ESTETICA E INGENIERIA CIVIL, ART TECNIUM, junio 2007. La obra como estructura. Ejemplos de su integraci\u00f3n y belleza. ESCRIVA PEYRO, R. Pasarela sobre [&hellip;]<\/p>\n","protected":false},"author":1,"featured_media":0,"parent":0,"menu_order":0,"comment_status":"closed","ping_status":"closed","template":"","meta":[],"yoast_head":"<!-- This site is optimized with the Yoast SEO plugin v18.9 - https:\/\/yoast.com\/wordpress\/plugins\/seo\/ -->\n<title>Publicaciones - Ra\u00fal Escriv\u00e1 Peyr\u00f3<\/title>\n<meta name=\"robots\" content=\"index, follow, max-snippet:-1, max-image-preview:large, max-video-preview:-1\" \/>\n<link rel=\"canonical\" href=\"https:\/\/www.raulescrivapeyro.com\/index.php\/publicaciones\/\" \/>\n<meta property=\"og:locale\" content=\"es_ES\" \/>\n<meta property=\"og:type\" content=\"article\" \/>\n<meta property=\"og:title\" content=\"Publicaciones - Ra\u00fal Escriv\u00e1 Peyr\u00f3\" \/>\n<meta property=\"og:description\" content=\"ESCRIV\u00c1 PEYR\u00d3, R. Pasarela sobre el r\u00edo Arga, Detail 1, edici\u00f3n espa\u00f1ola, enero 2005 ESCRIV\u00c1 PEYR\u00d3, R. Pasarela sobre el r\u00edo Arga, Detail 4, pp 2, edici\u00f3n alemana, diciembre 2004. I CONGRESO ESTETICA E INGENIERIA CIVIL, ART TECNIUM, junio 2007. La obra como estructura. Ejemplos de su integraci\u00f3n y belleza. ESCRIVA PEYRO, R. Pasarela sobre [&hellip;]\" \/>\n<meta property=\"og:url\" content=\"https:\/\/www.raulescrivapeyro.com\/index.php\/publicaciones\/\" \/>\n<meta property=\"og:site_name\" content=\"Ra\u00fal Escriv\u00e1 Peyr\u00f3\" \/>\n<meta property=\"article:modified_time\" content=\"2017-10-29T07:30:43+00:00\" \/>\n<meta name=\"twitter:card\" content=\"summary_large_image\" \/>\n<meta name=\"twitter:label1\" content=\"Tiempo de lectura\" \/>\n\t<meta name=\"twitter:data1\" content=\"1 minuto\" \/>\n<script type=\"application\/ld+json\" class=\"yoast-schema-graph\">{\"@context\":\"https:\/\/schema.org\",\"@graph\":[{\"@type\":\"WebSite\",\"@id\":\"https:\/\/www.raulescrivapeyro.com\/#website\",\"url\":\"https:\/\/www.raulescrivapeyro.com\/\",\"name\":\"Ra\u00fal Escriv\u00e1 Peyr\u00f3\",\"description\":\"Dise\u00f1o en Ingenier\u00eda\",\"potentialAction\":[{\"@type\":\"SearchAction\",\"target\":{\"@type\":\"EntryPoint\",\"urlTemplate\":\"https:\/\/www.raulescrivapeyro.com\/?s={search_term_string}\"},\"query-input\":\"required name=search_term_string\"}],\"inLanguage\":\"es\"},{\"@type\":\"WebPage\",\"@id\":\"https:\/\/www.raulescrivapeyro.com\/index.php\/publicaciones\/#webpage\",\"url\":\"https:\/\/www.raulescrivapeyro.com\/index.php\/publicaciones\/\",\"name\":\"Publicaciones - Ra\u00fal Escriv\u00e1 Peyr\u00f3\",\"isPartOf\":{\"@id\":\"https:\/\/www.raulescrivapeyro.com\/#website\"},\"datePublished\":\"2017-10-27T15:31:03+00:00\",\"dateModified\":\"2017-10-29T07:30:43+00:00\",\"breadcrumb\":{\"@id\":\"https:\/\/www.raulescrivapeyro.com\/index.php\/publicaciones\/#breadcrumb\"},\"inLanguage\":\"es\",\"potentialAction\":[{\"@type\":\"ReadAction\",\"target\":[\"https:\/\/www.raulescrivapeyro.com\/index.php\/publicaciones\/\"]}]},{\"@type\":\"BreadcrumbList\",\"@id\":\"https:\/\/www.raulescrivapeyro.com\/index.php\/publicaciones\/#breadcrumb\",\"itemListElement\":[{\"@type\":\"ListItem\",\"position\":1,\"name\":\"Portada\",\"item\":\"https:\/\/www.raulescrivapeyro.com\/\"},{\"@type\":\"ListItem\",\"position\":2,\"name\":\"Publicaciones\"}]}]}<\/script>\n<!-- \/ Yoast SEO plugin. -->","yoast_head_json":{"title":"Publicaciones - Ra\u00fal Escriv\u00e1 Peyr\u00f3","robots":{"index":"index","follow":"follow","max-snippet":"max-snippet:-1","max-image-preview":"max-image-preview:large","max-video-preview":"max-video-preview:-1"},"canonical":"https:\/\/www.raulescrivapeyro.com\/index.php\/publicaciones\/","og_locale":"es_ES","og_type":"article","og_title":"Publicaciones - Ra\u00fal Escriv\u00e1 Peyr\u00f3","og_description":"ESCRIV\u00c1 PEYR\u00d3, R. Pasarela sobre el r\u00edo Arga, Detail 1, edici\u00f3n espa\u00f1ola, enero 2005 ESCRIV\u00c1 PEYR\u00d3, R. Pasarela sobre el r\u00edo Arga, Detail 4, pp 2, edici\u00f3n alemana, diciembre 2004. I CONGRESO ESTETICA E INGENIERIA CIVIL, ART TECNIUM, junio 2007. La obra como estructura. Ejemplos de su integraci\u00f3n y belleza. ESCRIVA PEYRO, R. Pasarela sobre [&hellip;]","og_url":"https:\/\/www.raulescrivapeyro.com\/index.php\/publicaciones\/","og_site_name":"Ra\u00fal Escriv\u00e1 Peyr\u00f3","article_modified_time":"2017-10-29T07:30:43+00:00","twitter_card":"summary_large_image","twitter_misc":{"Tiempo de lectura":"1 minuto"},"schema":{"@context":"https:\/\/schema.org","@graph":[{"@type":"WebSite","@id":"https:\/\/www.raulescrivapeyro.com\/#website","url":"https:\/\/www.raulescrivapeyro.com\/","name":"Ra\u00fal Escriv\u00e1 Peyr\u00f3","description":"Dise\u00f1o en Ingenier\u00eda","potentialAction":[{"@type":"SearchAction","target":{"@type":"EntryPoint","urlTemplate":"https:\/\/www.raulescrivapeyro.com\/?s={search_term_string}"},"query-input":"required name=search_term_string"}],"inLanguage":"es"},{"@type":"WebPage","@id":"https:\/\/www.raulescrivapeyro.com\/index.php\/publicaciones\/#webpage","url":"https:\/\/www.raulescrivapeyro.com\/index.php\/publicaciones\/","name":"Publicaciones - Ra\u00fal Escriv\u00e1 Peyr\u00f3","isPartOf":{"@id":"https:\/\/www.raulescrivapeyro.com\/#website"},"datePublished":"2017-10-27T15:31:03+00:00","dateModified":"2017-10-29T07:30:43+00:00","breadcrumb":{"@id":"https:\/\/www.raulescrivapeyro.com\/index.php\/publicaciones\/#breadcrumb"},"inLanguage":"es","potentialAction":[{"@type":"ReadAction","target":["https:\/\/www.raulescrivapeyro.com\/index.php\/publicaciones\/"]}]},{"@type":"BreadcrumbList","@id":"https:\/\/www.raulescrivapeyro.com\/index.php\/publicaciones\/#breadcrumb","itemListElement":[{"@type":"ListItem","position":1,"name":"Portada","item":"https:\/\/www.raulescrivapeyro.com\/"},{"@type":"ListItem","position":2,"name":"Publicaciones"}]}]}},"_links":{"self":[{"href":"https:\/\/www.raulescrivapeyro.com\/index.php\/wp-json\/wp\/v2\/pages\/39"}],"collection":[{"href":"https:\/\/www.raulescrivapeyro.com\/index.php\/wp-json\/wp\/v2\/pages"}],"about":[{"href":"https:\/\/www.raulescrivapeyro.com\/index.php\/wp-json\/wp\/v2\/types\/page"}],"author":[{"embeddable":true,"href":"https:\/\/www.raulescrivapeyro.com\/index.php\/wp-json\/wp\/v2\/users\/1"}],"replies":[{"embeddable":true,"href":"https:\/\/www.raulescrivapeyro.com\/index.php\/wp-json\/wp\/v2\/comments?post=39"}],"version-history":[{"count":2,"href":"https:\/\/www.raulescrivapeyro.com\/index.php\/wp-json\/wp\/v2\/pages\/39\/revisions"}],"predecessor-version":[{"id":44,"href":"https:\/\/www.raulescrivapeyro.com\/index.php\/wp-json\/wp\/v2\/pages\/39\/revisions\/44"}],"wp:attachment":[{"href":"https:\/\/www.raulescrivapeyro.com\/index.php\/wp-json\/wp\/v2\/media?parent=39"}],"curies":[{"name":"wp","href":"https:\/\/api.w.org\/{rel}","templated":true}]}}