{"id":37,"date":"2017-10-27T15:30:24","date_gmt":"2017-10-27T15:30:24","guid":{"rendered":"http:\/\/www.raulescrivapeyro.com\/?page_id=37"},"modified":"2018-01-10T19:12:02","modified_gmt":"2018-01-10T19:12:02","slug":"curriculum","status":"publish","type":"page","link":"https:\/\/www.raulescrivapeyro.com\/index.php\/curriculum\/","title":{"rendered":"Curr\u00edculum"},"content":{"rendered":"<ul>\n<li>Nacido en Valencia en 1967<\/li>\n<li>Estudios de Ingenier\u00eda superior de Caminos, Canales y Puertos por la Universidad Polit\u00e9cnica de Valencia.<\/li>\n<li>Profesor (2009 \/ 2011) en la Escuela de Arquitectura de la Universidad de Navarra.<\/li>\n<li>Vivo y trabajo en Pamplona. Proyecto elementos singulares en la obra civil, la edificaci\u00f3n y la industria.<\/li>\n<\/ul>\n<h2>Trabajos m\u00e1s destacados:<\/h2>\n<ul>\n<li>Proyecto y Direcci\u00f3n de Obra de estructura del \u201cNuevo Edificio del Parlamento de Navarra\u201d<\/li>\n<li>Proyecto y Direcci\u00f3n de Obra de estructura del \u201cCentro Cultural Bastero en Andoain\u201d<\/li>\n<li>Colaboraci\u00f3n Proyecto y Direcci\u00f3n de Obra de Cubrici\u00f3n del front\u00f3n de Miranda de Arga.<\/li>\n<li>Colaboraci\u00f3n \u201cNueva urbanizaci\u00f3n de Plaza Santiago en Pasai Donibane.\u201d<\/li>\n<li>Proyecto y Direcci\u00f3n de Obra de estructura del \u201cCentro comercial las ca\u00f1as.<\/li>\n<li>Colaboraci\u00f3n \u201cVestuarios, grader\u00edo y marquesina en Zubieta, para la Real Sociedad\u201d.<\/li>\n<li>Colaboraci\u00f3n \u201cAnteproyecto Nuevo Estadio de Anoeta para la Real Sociedad\u201d.<\/li>\n<li>Proyecto y Direcci\u00f3n de Obra de estructura del \u201cPolideportivo Hermanos Indurain. Villava\u201d.<\/li>\n<li>Proyecto y Direcci\u00f3n de Obra de estructura de la \u201cCubierta del Front\u00f3n del Polideportivo Larrabide. Pamplona\u201d.<\/li>\n<li>Proyecto Nave FALCON. (Pedro Mari\u00f1elarena, Ra\u00fal Escriva Peyr\u00f3)<\/li>\n<li>Proyecto Front\u00f3n de Galar (Pedro Mari\u00f1elarena, Ra\u00fal Escriva Peyr\u00f3)<\/li>\n<li>Proyecto y Direcci\u00f3n de Obra de estructura de la \u201cC\u00e1mara de comercio de Guip\u00fazcoa\u201d<\/li>\n<li>Proyecto de estructura del Palacio del Condestable, Pamplona<\/li>\n<li>Proyecto de estructura del \u201cMuseo Arte Contemporaneo. Universidad de Navarra\u201d<\/li>\n<li>Proyecto \u201cEdificio Dotacional en Cordovilla (IM arquitectos y Ra\u00fal Escriv\u00e1)\u201d.<\/li>\n<li>Proyecto y Direcci\u00f3n de Obra de estructura del \u201cCentro de Investigacion Biomedica\u201d Gobierno de Navarra<\/li>\n<li>Proyecto de \u201cParque de Trinitarios (IM arquitectos y Ra\u00fal Escriv\u00e1)\u201d. Propiedad Ayuntamiento de Pamplona<\/li>\n<li>Proyecto y Direcci\u00f3n de Obra de estructura del \u201cEdificio Corporativo de Oficinas GAMESA. Pamplona\u201d<\/li>\n<li>Proyecto y Direcci\u00f3n de Obra de estructura de la \u201cReforma y ampliaci\u00f3n Unidades Psiqui\u00e1tricas U1.1 y U1.2. Centro Psicogeri\u00e1trico San<\/li>\n<li>Francisco. Propiedad Gobierno de Navarra.\u201d<\/li>\n<li>Proyecto y Direcci\u00f3n de Obra de estructura del \u201cEdificio industrial en Lekaroz \u2013 Lozys Pharmaceuticals\u201d.<\/li>\n<li>Proyecto \u201cPasarelas para el plan comarcal del r\u00edo Arga.\u201d<\/li>\n<li>Proyecto \u201cPasarela en Ezcaba\u201d<\/li>\n<li>Proyecto \u201cPasarela peatonal en urbanizaci\u00f3n plan parcial Mogotes\u201d<\/li>\n<li>Proyecto \u201cPasarela en Burguete (Navarra)\u201d<\/li>\n<li>Proyecto \u201cPuente en Labeaga (Navarra)\u201d<\/li>\n<li>Proyecto \u201cPuente sobre el r\u00edo Sadar . Edificio de agrobiotecnolog\u00eda (Universidad P\u00fablica de Navarra)\u201d<\/li>\n<li>Proyecto de\u201d Puente sobre el r\u00edo Sadar frente a la residencia de estudiantes (Universidad P\u00fablica de Navarra)\u201d<\/li>\n<li>Proyecto \u201cPasarela peatonal en Alemanes sobre el r\u00edo Arga (Parque de Aranzadi)\u201d.<\/li>\n<li>Proyecto \u201cPasarela peatonal sobre el r\u00edo Sadar Elorz\u201d<\/li>\n<li>Proyecto \u201cPasarela peatonal sobre el r\u00edo Arga (Club Nataci\u00f3n-Pamplona)\u201d.<\/li>\n<li>Proyecto \u201cPasarela peatonal sobre el r\u00edo Arga (San Jorge-Pamplona)\u201d.<\/li>\n<li>Proyecto \u201cPasarelas Ampliaci\u00f3n del Parque Fluvial del Arga\u201d.<\/li>\n<li>Proyecto \u201cPasarela Acceso a Museo Oscar Niemeyer en Avil\u00e9s\u201d.<\/li>\n<li>Proyecto \u201cPasarela parque de Aranzadi\u201d. (Peralta\/Ayesa. Ra\u00fal Escriv\u00e1 Peyr\u00f3)<\/li>\n<li>Proyecto \u201cPasarela San Jorge \u2013 Biurdana\u201d.<\/li>\n<li>Proyecto y Direcci\u00f3n de Obra de estructura \u201cCentro de servicios del automovil en la unidad S-2. U.I.-XIX del ars-4 del plan municipal de Pamplona\u201d.<\/li>\n<li>Proyecto \u201cRed\u201d. Campa\u00f1a sal de dudas.<\/li>\n<li>Proyecto \u201cEscultura Homenaje a Jose Ignacio Sanz Arbizu\u201d<\/li>\n<\/ul>\n","protected":false},"excerpt":{"rendered":"<p>Nacido en Valencia en 1967 Estudios de Ingenier\u00eda superior de Caminos, Canales y Puertos por la Universidad Polit\u00e9cnica de Valencia. Profesor (2009 \/ 2011) en la Escuela de Arquitectura de la Universidad de Navarra. Vivo y trabajo en Pamplona. Proyecto elementos singulares en la obra civil, la edificaci\u00f3n y la industria. Trabajos m\u00e1s destacados: Proyecto [&hellip;]<\/p>\n","protected":false},"author":1,"featured_media":0,"parent":0,"menu_order":0,"comment_status":"closed","ping_status":"closed","template":"","meta":[],"yoast_head":"<!-- This site is optimized with the Yoast SEO plugin v18.9 - https:\/\/yoast.com\/wordpress\/plugins\/seo\/ -->\n<title>Curr\u00edculum - Ra\u00fal Escriv\u00e1 Peyr\u00f3<\/title>\n<meta name=\"robots\" content=\"index, follow, max-snippet:-1, max-image-preview:large, max-video-preview:-1\" \/>\n<link rel=\"canonical\" href=\"https:\/\/www.raulescrivapeyro.com\/index.php\/curriculum\/\" \/>\n<meta property=\"og:locale\" content=\"es_ES\" \/>\n<meta property=\"og:type\" content=\"article\" \/>\n<meta property=\"og:title\" content=\"Curr\u00edculum - Ra\u00fal Escriv\u00e1 Peyr\u00f3\" \/>\n<meta property=\"og:description\" content=\"Nacido en Valencia en 1967 Estudios de Ingenier\u00eda superior de Caminos, Canales y Puertos por la Universidad Polit\u00e9cnica de Valencia. Profesor (2009 \/ 2011) en la Escuela de Arquitectura de la Universidad de Navarra. Vivo y trabajo en Pamplona. Proyecto elementos singulares en la obra civil, la edificaci\u00f3n y la industria. Trabajos m\u00e1s destacados: Proyecto [&hellip;]\" \/>\n<meta property=\"og:url\" content=\"https:\/\/www.raulescrivapeyro.com\/index.php\/curriculum\/\" \/>\n<meta property=\"og:site_name\" content=\"Ra\u00fal Escriv\u00e1 Peyr\u00f3\" \/>\n<meta property=\"article:modified_time\" content=\"2018-01-10T19:12:02+00:00\" \/>\n<meta name=\"twitter:card\" content=\"summary_large_image\" \/>\n<meta name=\"twitter:label1\" content=\"Tiempo de lectura\" \/>\n\t<meta name=\"twitter:data1\" content=\"3 minutos\" \/>\n<script type=\"application\/ld+json\" class=\"yoast-schema-graph\">{\"@context\":\"https:\/\/schema.org\",\"@graph\":[{\"@type\":\"WebSite\",\"@id\":\"https:\/\/www.raulescrivapeyro.com\/#website\",\"url\":\"https:\/\/www.raulescrivapeyro.com\/\",\"name\":\"Ra\u00fal Escriv\u00e1 Peyr\u00f3\",\"description\":\"Dise\u00f1o en Ingenier\u00eda\",\"potentialAction\":[{\"@type\":\"SearchAction\",\"target\":{\"@type\":\"EntryPoint\",\"urlTemplate\":\"https:\/\/www.raulescrivapeyro.com\/?s={search_term_string}\"},\"query-input\":\"required name=search_term_string\"}],\"inLanguage\":\"es\"},{\"@type\":\"WebPage\",\"@id\":\"https:\/\/www.raulescrivapeyro.com\/index.php\/curriculum\/#webpage\",\"url\":\"https:\/\/www.raulescrivapeyro.com\/index.php\/curriculum\/\",\"name\":\"Curr\u00edculum - Ra\u00fal Escriv\u00e1 Peyr\u00f3\",\"isPartOf\":{\"@id\":\"https:\/\/www.raulescrivapeyro.com\/#website\"},\"datePublished\":\"2017-10-27T15:30:24+00:00\",\"dateModified\":\"2018-01-10T19:12:02+00:00\",\"breadcrumb\":{\"@id\":\"https:\/\/www.raulescrivapeyro.com\/index.php\/curriculum\/#breadcrumb\"},\"inLanguage\":\"es\",\"potentialAction\":[{\"@type\":\"ReadAction\",\"target\":[\"https:\/\/www.raulescrivapeyro.com\/index.php\/curriculum\/\"]}]},{\"@type\":\"BreadcrumbList\",\"@id\":\"https:\/\/www.raulescrivapeyro.com\/index.php\/curriculum\/#breadcrumb\",\"itemListElement\":[{\"@type\":\"ListItem\",\"position\":1,\"name\":\"Portada\",\"item\":\"https:\/\/www.raulescrivapeyro.com\/\"},{\"@type\":\"ListItem\",\"position\":2,\"name\":\"Curr\u00edculum\"}]}]}<\/script>\n<!-- \/ Yoast SEO plugin. -->","yoast_head_json":{"title":"Curr\u00edculum - Ra\u00fal Escriv\u00e1 Peyr\u00f3","robots":{"index":"index","follow":"follow","max-snippet":"max-snippet:-1","max-image-preview":"max-image-preview:large","max-video-preview":"max-video-preview:-1"},"canonical":"https:\/\/www.raulescrivapeyro.com\/index.php\/curriculum\/","og_locale":"es_ES","og_type":"article","og_title":"Curr\u00edculum - Ra\u00fal Escriv\u00e1 Peyr\u00f3","og_description":"Nacido en Valencia en 1967 Estudios de Ingenier\u00eda superior de Caminos, Canales y Puertos por la Universidad Polit\u00e9cnica de Valencia. Profesor (2009 \/ 2011) en la Escuela de Arquitectura de la Universidad de Navarra. Vivo y trabajo en Pamplona. Proyecto elementos singulares en la obra civil, la edificaci\u00f3n y la industria. Trabajos m\u00e1s destacados: Proyecto [&hellip;]","og_url":"https:\/\/www.raulescrivapeyro.com\/index.php\/curriculum\/","og_site_name":"Ra\u00fal Escriv\u00e1 Peyr\u00f3","article_modified_time":"2018-01-10T19:12:02+00:00","twitter_card":"summary_large_image","twitter_misc":{"Tiempo de lectura":"3 minutos"},"schema":{"@context":"https:\/\/schema.org","@graph":[{"@type":"WebSite","@id":"https:\/\/www.raulescrivapeyro.com\/#website","url":"https:\/\/www.raulescrivapeyro.com\/","name":"Ra\u00fal Escriv\u00e1 Peyr\u00f3","description":"Dise\u00f1o en Ingenier\u00eda","potentialAction":[{"@type":"SearchAction","target":{"@type":"EntryPoint","urlTemplate":"https:\/\/www.raulescrivapeyro.com\/?s={search_term_string}"},"query-input":"required name=search_term_string"}],"inLanguage":"es"},{"@type":"WebPage","@id":"https:\/\/www.raulescrivapeyro.com\/index.php\/curriculum\/#webpage","url":"https:\/\/www.raulescrivapeyro.com\/index.php\/curriculum\/","name":"Curr\u00edculum - Ra\u00fal Escriv\u00e1 Peyr\u00f3","isPartOf":{"@id":"https:\/\/www.raulescrivapeyro.com\/#website"},"datePublished":"2017-10-27T15:30:24+00:00","dateModified":"2018-01-10T19:12:02+00:00","breadcrumb":{"@id":"https:\/\/www.raulescrivapeyro.com\/index.php\/curriculum\/#breadcrumb"},"inLanguage":"es","potentialAction":[{"@type":"ReadAction","target":["https:\/\/www.raulescrivapeyro.com\/index.php\/curriculum\/"]}]},{"@type":"BreadcrumbList","@id":"https:\/\/www.raulescrivapeyro.com\/index.php\/curriculum\/#breadcrumb","itemListElement":[{"@type":"ListItem","position":1,"name":"Portada","item":"https:\/\/www.raulescrivapeyro.com\/"},{"@type":"ListItem","position":2,"name":"Curr\u00edculum"}]}]}},"_links":{"self":[{"href":"https:\/\/www.raulescrivapeyro.com\/index.php\/wp-json\/wp\/v2\/pages\/37"}],"collection":[{"href":"https:\/\/www.raulescrivapeyro.com\/index.php\/wp-json\/wp\/v2\/pages"}],"about":[{"href":"https:\/\/www.raulescrivapeyro.com\/index.php\/wp-json\/wp\/v2\/types\/page"}],"author":[{"embeddable":true,"href":"https:\/\/www.raulescrivapeyro.com\/index.php\/wp-json\/wp\/v2\/users\/1"}],"replies":[{"embeddable":true,"href":"https:\/\/www.raulescrivapeyro.com\/index.php\/wp-json\/wp\/v2\/comments?post=37"}],"version-history":[{"count":10,"href":"https:\/\/www.raulescrivapeyro.com\/index.php\/wp-json\/wp\/v2\/pages\/37\/revisions"}],"predecessor-version":[{"id":172,"href":"https:\/\/www.raulescrivapeyro.com\/index.php\/wp-json\/wp\/v2\/pages\/37\/revisions\/172"}],"wp:attachment":[{"href":"https:\/\/www.raulescrivapeyro.com\/index.php\/wp-json\/wp\/v2\/media?parent=37"}],"curies":[{"name":"wp","href":"https:\/\/api.w.org\/{rel}","templated":true}]}}